{"id":13226,"date":"2024-10-14T10:55:20","date_gmt":"2024-10-14T08:55:20","guid":{"rendered":"https:\/\/maat.swebwp.oci.eu\/?page_id=13226"},"modified":"2025-06-19T14:16:53","modified_gmt":"2025-06-19T12:16:53","slug":"patients-professionnels-de-sante","status":"publish","type":"page","link":"https:\/\/maat.swebwp.oci.eu\/fr\/patients-professionnels-de-sante\/","title":{"rendered":"Patients &#038; Professionnels de sant\u00e9"},"content":{"rendered":"[vc_row type=\u00a0\u00bbfull_width_background\u00a0\u00bb full_screen_row_position=\u00a0\u00bbmiddle\u00a0\u00bb column_margin=\u00a0\u00bbdefault\u00a0\u00bb column_direction=\u00a0\u00bbdefault\u00a0\u00bb column_direction_tablet=\u00a0\u00bbdefault\u00a0\u00bb column_direction_phone=\u00a0\u00bbdefault\u00a0\u00bb bg_image=\u00a0\u00bb760&Prime; bg_position=\u00a0\u00bbcenter center\u00a0\u00bb background_image_loading=\u00a0\u00bbdefault\u00a0\u00bb bg_repeat=\u00a0\u00bbno-repeat\u00a0\u00bb scene_position=\u00a0\u00bbcenter\u00a0\u00bb top_padding=\u00a0\u00bb10%\u00a0\u00bb bottom_padding=\u00a0\u00bb14%\u00a0\u00bb text_color=\u00a0\u00bblight\u00a0\u00bb text_align=\u00a0\u00bbleft\u00a0\u00bb row_border_radius=\u00a0\u00bbnone\u00a0\u00bb row_border_radius_applies=\u00a0\u00bbbg\u00a0\u00bb enable_gradient=\u00a0\u00bbtrue\u00a0\u00bb color_overlay=\u00a0\u00bbrgba(91,192,204,0.94)\u00a0\u00bb color_overlay_2=\u00a0\u00bb#014f90&Prime; overlay_strength=\u00a0\u00bb0.95&Prime; gradient_direction=\u00a0\u00bbleft_to_right\u00a0\u00bb enable_shape_divider=\u00a0\u00bbtrue\u00a0\u00bb shape_divider_position=\u00a0\u00bbbottom\u00a0\u00bb shape_divider_height=\u00a0\u00bb190&Prime; bg_image_animation=\u00a0\u00bbnone\u00a0\u00bb parallax_bg=\u00a0\u00bbtrue\u00a0\u00bb parallax_bg_speed=\u00a0\u00bbfast\u00a0\u00bb shape_type=\u00a0\u00bbcurve\u00a0\u00bb][vc_column column_padding=\u00a0\u00bbno-extra-padding\u00a0\u00bb column_padding_tablet=\u00a0\u00bbinherit\u00a0\u00bb column_padding_phone=\u00a0\u00bbinherit\u00a0\u00bb column_padding_position=\u00a0\u00bball\u00a0\u00bb column_element_spacing=\u00a0\u00bbdefault\u00a0\u00bb background_color_opacity=\u00a0\u00bb1&Prime; background_hover_color_opacity=\u00a0\u00bb1&Prime; column_shadow=\u00a0\u00bbnone\u00a0\u00bb column_border_radius=\u00a0\u00bbnone\u00a0\u00bb column_link_target=\u00a0\u00bb_self\u00a0\u00bb gradient_direction=\u00a0\u00bbleft_to_right\u00a0\u00bb overlay_strength=\u00a0\u00bb0.3&Prime; width=\u00a0\u00bb1\/6&Prime; tablet_width_inherit=\u00a0\u00bbdefault\u00a0\u00bb tablet_text_alignment=\u00a0\u00bbdefault\u00a0\u00bb phone_text_alignment=\u00a0\u00bbdefault\u00a0\u00bb bg_image_animation=\u00a0\u00bbnone\u00a0\u00bb border_type=\u00a0\u00bbsimple\u00a0\u00bb column_border_width=\u00a0\u00bbnone\u00a0\u00bb column_border_style=\u00a0\u00bbsolid\u00a0\u00bb][\/vc_column][vc_column column_padding=\u00a0\u00bbno-extra-padding\u00a0\u00bb column_padding_tablet=\u00a0\u00bbinherit\u00a0\u00bb column_padding_phone=\u00a0\u00bbinherit\u00a0\u00bb column_padding_position=\u00a0\u00bball\u00a0\u00bb column_element_spacing=\u00a0\u00bbdefault\u00a0\u00bb centered_text=\u00a0\u00bbtrue\u00a0\u00bb background_color_opacity=\u00a0\u00bb1&Prime; background_hover_color_opacity=\u00a0\u00bb1&Prime; column_shadow=\u00a0\u00bbnone\u00a0\u00bb column_border_radius=\u00a0\u00bbnone\u00a0\u00bb column_link_target=\u00a0\u00bb_self\u00a0\u00bb gradient_direction=\u00a0\u00bbleft_to_right\u00a0\u00bb overlay_strength=\u00a0\u00bb0.3&Prime; width=\u00a0\u00bb2\/3&Prime; tablet_width_inherit=\u00a0\u00bbdefault\u00a0\u00bb tablet_text_alignment=\u00a0\u00bbdefault\u00a0\u00bb phone_text_alignment=\u00a0\u00bbdefault\u00a0\u00bb bg_image_animation=\u00a0\u00bbnone\u00a0\u00bb border_type=\u00a0\u00bbsimple\u00a0\u00bb column_border_width=\u00a0\u00bbnone\u00a0\u00bb column_border_style=\u00a0\u00bbsolid\u00a0\u00bb][split_line_heading animation_type=\u00a0\u00bbdefault\u00a0\u00bb]\n<h1>Patients et Professionnels de sant\u00e9<\/h1>\n[\/split_line_heading][vc_custom_heading text=\u00a0\u00bbNous d\u00e9veloppons des m\u00e9dicaments issus du microbiote intestinal d\u00e9di\u00e9s \u00e0 moduler le syst\u00e8me immunitaire des patients atteints de cancer.\u00a0\u00bb font_container=\u00a0\u00bbtag:h4|font_size:20|text_align:center|line_height:36px\u00a0\u00bb google_fonts=\u00a0\u00bbfont_family:Roboto%3A100%2C100italic%2C300%2C300italic%2Cregular%2Citalic%2C500%2C500italic%2C700%2C700italic%2C900%2C900italic|font_style:400%20regular%3A400%3Anormal\u00a0\u00bb][\/vc_column][vc_column column_padding=\u00a0\u00bbno-extra-padding\u00a0\u00bb column_padding_tablet=\u00a0\u00bbinherit\u00a0\u00bb column_padding_phone=\u00a0\u00bbinherit\u00a0\u00bb column_padding_position=\u00a0\u00bball\u00a0\u00bb column_element_spacing=\u00a0\u00bbdefault\u00a0\u00bb background_color_opacity=\u00a0\u00bb1&Prime; background_hover_color_opacity=\u00a0\u00bb1&Prime; column_shadow=\u00a0\u00bbnone\u00a0\u00bb column_border_radius=\u00a0\u00bbnone\u00a0\u00bb column_link_target=\u00a0\u00bb_self\u00a0\u00bb gradient_direction=\u00a0\u00bbleft_to_right\u00a0\u00bb overlay_strength=\u00a0\u00bb0.3&Prime; width=\u00a0\u00bb1\/6&Prime; tablet_width_inherit=\u00a0\u00bbdefault\u00a0\u00bb tablet_text_alignment=\u00a0\u00bbdefault\u00a0\u00bb phone_text_alignment=\u00a0\u00bbdefault\u00a0\u00bb bg_image_animation=\u00a0\u00bbnone\u00a0\u00bb border_type=\u00a0\u00bbsimple\u00a0\u00bb column_border_width=\u00a0\u00bbnone\u00a0\u00bb column_border_style=\u00a0\u00bbsolid\u00a0\u00bb][\/vc_column][\/vc_row][vc_row type=\u00a0\u00bbfull_width_background\u00a0\u00bb full_screen_row_position=\u00a0\u00bbmiddle\u00a0\u00bb column_margin=\u00a0\u00bbdefault\u00a0\u00bb equal_height=\u00a0\u00bbyes\u00a0\u00bb content_placement=\u00a0\u00bbmiddle\u00a0\u00bb column_direction=\u00a0\u00bbdefault\u00a0\u00bb column_direction_tablet=\u00a0\u00bbdefault\u00a0\u00bb column_direction_phone=\u00a0\u00bbdefault\u00a0\u00bb scene_position=\u00a0\u00bbcenter\u00a0\u00bb bottom_padding=\u00a0\u00bb6%\u00a0\u00bb text_color=\u00a0\u00bbdark\u00a0\u00bb text_align=\u00a0\u00bbleft\u00a0\u00bb row_border_radius=\u00a0\u00bbnone\u00a0\u00bb row_border_radius_applies=\u00a0\u00bbbg\u00a0\u00bb id=\u00a0\u00bb#strenghts\u00a0\u00bb overlay_strength=\u00a0\u00bb1&Prime; gradient_direction=\u00a0\u00bbtop_to_bottom\u00a0\u00bb shape_divider_color=\u00a0\u00bb#f4f4f4&Prime; shape_divider_position=\u00a0\u00bbbottom\u00a0\u00bb shape_divider_height=\u00a0\u00bb40%\u00a0\u00bb bg_image_animation=\u00a0\u00bbnone\u00a0\u00bb shape_type=\u00a0\u00bbcurve_opacity\u00a0\u00bb][vc_column column_padding=\u00a0\u00bbno-extra-padding\u00a0\u00bb column_padding_tablet=\u00a0\u00bbinherit\u00a0\u00bb column_padding_phone=\u00a0\u00bbinherit\u00a0\u00bb column_padding_position=\u00a0\u00bbright\u00a0\u00bb column_element_spacing=\u00a0\u00bbdefault\u00a0\u00bb background_color_opacity=\u00a0\u00bb1&Prime; background_hover_color_opacity=\u00a0\u00bb1&Prime; column_shadow=\u00a0\u00bbnone\u00a0\u00bb column_border_radius=\u00a0\u00bbnone\u00a0\u00bb column_link_target=\u00a0\u00bb_self\u00a0\u00bb gradient_direction=\u00a0\u00bbleft_to_right\u00a0\u00bb overlay_strength=\u00a0\u00bb0.3&Prime; width=\u00a0\u00bb1\/1&Prime; tablet_width_inherit=\u00a0\u00bbdefault\u00a0\u00bb tablet_text_alignment=\u00a0\u00bbdefault\u00a0\u00bb phone_text_alignment=\u00a0\u00bbdefault\u00a0\u00bb bg_image_animation=\u00a0\u00bbnone\u00a0\u00bb border_type=\u00a0\u00bbsimple\u00a0\u00bb column_border_width=\u00a0\u00bbnone\u00a0\u00bb column_border_style=\u00a0\u00bbsolid\u00a0\u00bb][vc_row_inner column_margin=\u00a0\u00bb50px\u00a0\u00bb column_direction=\u00a0\u00bbdefault\u00a0\u00bb column_direction_tablet=\u00a0\u00bbdefault\u00a0\u00bb column_direction_phone=\u00a0\u00bbdefault\u00a0\u00bb text_align=\u00a0\u00bbleft\u00a0\u00bb][vc_column_inner column_padding=\u00a0\u00bbno-extra-padding\u00a0\u00bb column_padding_tablet=\u00a0\u00bbinherit\u00a0\u00bb column_padding_phone=\u00a0\u00bbinherit\u00a0\u00bb column_padding_position=\u00a0\u00bball\u00a0\u00bb column_element_spacing=\u00a0\u00bbdefault\u00a0\u00bb background_color_opacity=\u00a0\u00bb1&Prime; background_hover_color_opacity=\u00a0\u00bb1&Prime; column_shadow=\u00a0\u00bbnone\u00a0\u00bb column_border_radius=\u00a0\u00bbnone\u00a0\u00bb column_link_target=\u00a0\u00bb_self\u00a0\u00bb gradient_direction=\u00a0\u00bbleft_to_right\u00a0\u00bb overlay_strength=\u00a0\u00bb0.3&Prime; width=\u00a0\u00bb1\/2&Prime; tablet_width_inherit=\u00a0\u00bbdefault\u00a0\u00bb bg_image_animation=\u00a0\u00bbnone\u00a0\u00bb border_type=\u00a0\u00bbsimple\u00a0\u00bb column_border_width=\u00a0\u00bbnone\u00a0\u00bb column_border_style=\u00a0\u00bbsolid\u00a0\u00bb][fancy_box box_style=\u00a0\u00bbhover_desc\u00a0\u00bb icon_family=\u00a0\u00bbiconsmind\u00a0\u00bb image_url=\u00a0\u00bb15961&Prime; hover_color=\u00a0\u00bbaccent-color\u00a0\u00bb box_alignment=\u00a0\u00bbleft\u00a0\u00bb hover_desc_bg_animation=\u00a0\u00bblong_zoom\u00a0\u00bb border_radius=\u00a0\u00bb5px\u00a0\u00bb image_loading=\u00a0\u00bblazy-load\u00a0\u00bb enable_animation=\u00a0\u00bbtrue\u00a0\u00bb animation=\u00a0\u00bbfade-in-from-bottom\u00a0\u00bb color_scheme=\u00a0\u00bbdark\u00a0\u00bb secondary_content=\u00a0\u00bbhere&rsquo;s some awesome text that would only be shown on hover\u00a0\u00bb min_height=\u00a0\u00bb350&Prime; delay=\u00a0\u00bb250&Prime; icon_iconsmind=\u00a0\u00bbiconsmind-Love-User\u00a0\u00bb link_url=\u00a0\u00bbhttps:\/\/maat.swebwp.oci.eu\/fr\/patients-et-proches-de-patients\/\u00a0\u00bb]\n<h2>Je suis patient<\/h2>\n<p><span style=\"font-size: 18px;\">ou proche d&rsquo;un patient<\/span>[\/fancy_box][\/vc_column_inner][vc_column_inner column_padding=\u00a0\u00bbno-extra-padding\u00a0\u00bb column_padding_tablet=\u00a0\u00bbinherit\u00a0\u00bb column_padding_phone=\u00a0\u00bbinherit\u00a0\u00bb column_padding_position=\u00a0\u00bball\u00a0\u00bb column_element_spacing=\u00a0\u00bbdefault\u00a0\u00bb background_color_opacity=\u00a0\u00bb1&Prime; background_hover_color_opacity=\u00a0\u00bb1&Prime; column_shadow=\u00a0\u00bbnone\u00a0\u00bb column_border_radius=\u00a0\u00bbnone\u00a0\u00bb column_link_target=\u00a0\u00bb_self\u00a0\u00bb gradient_direction=\u00a0\u00bbleft_to_right\u00a0\u00bb overlay_strength=\u00a0\u00bb0.3&Prime; width=\u00a0\u00bb1\/2&Prime; tablet_width_inherit=\u00a0\u00bbdefault\u00a0\u00bb bg_image_animation=\u00a0\u00bbnone\u00a0\u00bb enable_animation=\u00a0\u00bbtrue\u00a0\u00bb animation=\u00a0\u00bbfade-in-from-bottom\u00a0\u00bb border_type=\u00a0\u00bbsimple\u00a0\u00bb column_border_width=\u00a0\u00bbnone\u00a0\u00bb column_border_style=\u00a0\u00bbsolid\u00a0\u00bb delay=\u00a0\u00bb100&Prime;][fancy_box box_style=\u00a0\u00bbhover_desc\u00a0\u00bb icon_family=\u00a0\u00bbiconsmind\u00a0\u00bb image_url=\u00a0\u00bb15983&Prime; hover_color=\u00a0\u00bbaccent-color\u00a0\u00bb box_alignment=\u00a0\u00bbleft\u00a0\u00bb hover_desc_bg_animation=\u00a0\u00bblong_zoom\u00a0\u00bb border_radius=\u00a0\u00bb5px\u00a0\u00bb image_loading=\u00a0\u00bblazy-load\u00a0\u00bb enable_animation=\u00a0\u00bbtrue\u00a0\u00bb animation=\u00a0\u00bbfade-in-from-bottom\u00a0\u00bb color_scheme=\u00a0\u00bbdark\u00a0\u00bb secondary_content=\u00a0\u00bbhere&rsquo;s some awesome text that would only be shown on hover\u00a0\u00bb min_height=\u00a0\u00bb350&Prime; icon_iconsmind=\u00a0\u00bbiconsmind-User\u00a0\u00bb icon_size=\u00a0\u00bb34&Prime; delay=\u00a0\u00bb300&Prime; link_url=\u00a0\u00bbhttps:\/\/maatpharma.com\/fr\/professionnels-de-sante\/\u00a0\u00bb]\n<h2>Je suis un professionnel de sant\u00e9<\/h2>\n[\/fancy_box][\/vc_column_inner][\/vc_row_inner][\/vc_column][\/vc_row]\n","protected":false},"excerpt":{"rendered":"<p>[vc_row type=\u00a0\u00bbfull_width_background\u00a0\u00bb full_screen_row_position=\u00a0\u00bbmiddle\u00a0\u00bb column_margin=\u00a0\u00bbdefault\u00a0\u00bb column_direction=\u00a0\u00bbdefault\u00a0\u00bb column_direction_tablet=\u00a0\u00bbdefault\u00a0\u00bb column_direction_phone=\u00a0\u00bbdefault\u00a0\u00bb bg_image=\u00a0\u00bb760&Prime; bg_position=\u00a0\u00bbcenter center\u00a0\u00bb background_image_loading=\u00a0\u00bbdefault\u00a0\u00bb bg_repeat=\u00a0\u00bbno-repeat\u00a0\u00bb scene_position=\u00a0\u00bbcenter\u00a0\u00bb top_padding=\u00a0\u00bb10%\u00a0\u00bb bottom_padding=\u00a0\u00bb14%\u00a0\u00bb text_color=\u00a0\u00bblight\u00a0\u00bb text_align=\u00a0\u00bbleft\u00a0\u00bb row_border_radius=\u00a0\u00bbnone\u00a0\u00bb row_border_radius_applies=\u00a0\u00bbbg\u00a0\u00bb enable_gradient=\u00a0\u00bbtrue\u00a0\u00bb color_overlay=\u00a0\u00bbrgba(91,192,204,0.94)\u00a0\u00bb color_overlay_2=\u00a0\u00bb#014f90&Prime; overlay_strength=\u00a0\u00bb0.95&Prime; gradient_direction=\u00a0\u00bbleft_to_right\u00a0\u00bb enable_shape_divider=\u00a0\u00bbtrue\u00a0\u00bb shape_divider_position=\u00a0\u00bbbottom\u00a0\u00bb shape_divider_height=\u00a0\u00bb190&Prime; bg_image_animation=\u00a0\u00bbnone\u00a0\u00bb parallax_bg=\u00a0\u00bbtrue\u00a0\u00bb parallax_bg_speed=\u00a0\u00bbfast\u00a0\u00bb&#8230;<\/p>\n","protected":false},"author":7,"featured_media":0,"parent":0,"menu_order":0,"comment_status":"closed","ping_status":"closed","template":"","meta":{"_acf_changed":false,"footnotes":""},"class_list":["post-13226","page","type-page","status-publish"],"acf":[],"yoast_head":"<!-- This site is optimized with the Yoast SEO plugin v25.3.1 - https:\/\/yoast.com\/wordpress\/plugins\/seo\/ -->\n<title>Patients &amp; Professionnels de sant\u00e9 - MaaT Pharma<\/title>\n<meta name=\"robots\" content=\"noindex, follow, max-snippet:-1, max-image-preview:large, max-video-preview:-1\" \/>\n<meta property=\"og:locale\" content=\"fr_FR\" \/>\n<meta property=\"og:type\" content=\"article\" \/>\n<meta property=\"og:title\" content=\"Patients &amp; Professionnels de sant\u00e9 - MaaT Pharma\" \/>\n<meta property=\"og:description\" content=\"[vc_row type=\u00a0\u00bbfull_width_background\u00a0\u00bb full_screen_row_position=\u00a0\u00bbmiddle\u00a0\u00bb column_margin=\u00a0\u00bbdefault\u00a0\u00bb column_direction=\u00a0\u00bbdefault\u00a0\u00bb column_direction_tablet=\u00a0\u00bbdefault\u00a0\u00bb column_direction_phone=\u00a0\u00bbdefault\u00a0\u00bb bg_image=\u00a0\u00bb760&Prime; bg_position=\u00a0\u00bbcenter center\u00a0\u00bb background_image_loading=\u00a0\u00bbdefault\u00a0\u00bb bg_repeat=\u00a0\u00bbno-repeat\u00a0\u00bb scene_position=\u00a0\u00bbcenter\u00a0\u00bb top_padding=\u00a0\u00bb10%\u00a0\u00bb bottom_padding=\u00a0\u00bb14%\u00a0\u00bb text_color=\u00a0\u00bblight\u00a0\u00bb text_align=\u00a0\u00bbleft\u00a0\u00bb row_border_radius=\u00a0\u00bbnone\u00a0\u00bb row_border_radius_applies=\u00a0\u00bbbg\u00a0\u00bb enable_gradient=\u00a0\u00bbtrue\u00a0\u00bb color_overlay=\u00a0\u00bbrgba(91,192,204,0.94)\u00a0\u00bb color_overlay_2=\u00a0\u00bb#014f90&Prime; overlay_strength=\u00a0\u00bb0.95&Prime; gradient_direction=\u00a0\u00bbleft_to_right\u00a0\u00bb enable_shape_divider=\u00a0\u00bbtrue\u00a0\u00bb shape_divider_position=\u00a0\u00bbbottom\u00a0\u00bb shape_divider_height=\u00a0\u00bb190&Prime; bg_image_animation=\u00a0\u00bbnone\u00a0\u00bb parallax_bg=\u00a0\u00bbtrue\u00a0\u00bb parallax_bg_speed=\u00a0\u00bbfast\u00a0\u00bb...\" \/>\n<meta property=\"og:url\" content=\"https:\/\/maat.swebwp.oci.eu\/fr\/patients-professionnels-de-sante\/\" \/>\n<meta property=\"og:site_name\" content=\"MaaT Pharma\" \/>\n<meta property=\"article:modified_time\" content=\"2025-06-19T12:16:53+00:00\" \/>\n<meta name=\"twitter:card\" content=\"summary_large_image\" \/>\n<meta name=\"twitter:label1\" content=\"Dur\u00e9e de lecture estim\u00e9e\" \/>\n\t<meta name=\"twitter:data1\" content=\"2 minutes\" \/>\n<script type=\"application\/ld+json\" class=\"yoast-schema-graph\">{\"@context\":\"https:\/\/schema.org\",\"@graph\":[{\"@type\":\"WebPage\",\"@id\":\"https:\/\/maat.swebwp.oci.eu\/fr\/patients-professionnels-de-sante\/\",\"url\":\"https:\/\/maat.swebwp.oci.eu\/fr\/patients-professionnels-de-sante\/\",\"name\":\"Patients & Professionnels de sant\u00e9 - MaaT Pharma\",\"isPartOf\":{\"@id\":\"https:\/\/maat.swebwp.oci.eu\/#website\"},\"datePublished\":\"2024-10-14T08:55:20+00:00\",\"dateModified\":\"2025-06-19T12:16:53+00:00\",\"breadcrumb\":{\"@id\":\"https:\/\/maat.swebwp.oci.eu\/fr\/patients-professionnels-de-sante\/#breadcrumb\"},\"inLanguage\":\"fr-FR\",\"potentialAction\":[{\"@type\":\"ReadAction\",\"target\":[\"https:\/\/maat.swebwp.oci.eu\/fr\/patients-professionnels-de-sante\/\"]}]},{\"@type\":\"BreadcrumbList\",\"@id\":\"https:\/\/maat.swebwp.oci.eu\/fr\/patients-professionnels-de-sante\/#breadcrumb\",\"itemListElement\":[{\"@type\":\"ListItem\",\"position\":1,\"name\":\"Home\",\"item\":\"https:\/\/maat.swebwp.oci.eu\/fr\/\"},{\"@type\":\"ListItem\",\"position\":2,\"name\":\"Patients &#038; Professionnels de sant\u00e9\"}]},{\"@type\":\"WebSite\",\"@id\":\"https:\/\/maat.swebwp.oci.eu\/#website\",\"url\":\"https:\/\/maat.swebwp.oci.eu\/\",\"name\":\"MaaT Pharma\",\"description\":\"microbiota gut to fight cancer\",\"publisher\":{\"@id\":\"https:\/\/maat.swebwp.oci.eu\/#organization\"},\"potentialAction\":[{\"@type\":\"SearchAction\",\"target\":{\"@type\":\"EntryPoint\",\"urlTemplate\":\"https:\/\/maat.swebwp.oci.eu\/?s={search_term_string}\"},\"query-input\":{\"@type\":\"PropertyValueSpecification\",\"valueRequired\":true,\"valueName\":\"search_term_string\"}}],\"inLanguage\":\"fr-FR\"},{\"@type\":\"Organization\",\"@id\":\"https:\/\/maat.swebwp.oci.eu\/#organization\",\"name\":\"Maat Pharma\",\"url\":\"https:\/\/maat.swebwp.oci.eu\/\",\"logo\":{\"@type\":\"ImageObject\",\"inLanguage\":\"fr-FR\",\"@id\":\"https:\/\/maat.swebwp.oci.eu\/#\/schema\/logo\/image\/\",\"url\":\"http:\/\/preprod-wadesign.fr\/maat-pharma\/wp-content\/uploads\/2018\/09\/maat-logo-rvb-header.png\",\"contentUrl\":\"http:\/\/preprod-wadesign.fr\/maat-pharma\/wp-content\/uploads\/2018\/09\/maat-logo-rvb-header.png\",\"width\":150,\"height\":171,\"caption\":\"Maat Pharma\"},\"image\":{\"@id\":\"https:\/\/maat.swebwp.oci.eu\/#\/schema\/logo\/image\/\"}}]}<\/script>\n<!-- \/ Yoast SEO plugin. -->","yoast_head_json":{"title":"Patients & Professionnels de sant\u00e9 - MaaT Pharma","robots":{"index":"noindex","follow":"follow","max-snippet":"max-snippet:-1","max-image-preview":"max-image-preview:large","max-video-preview":"max-video-preview:-1"},"og_locale":"fr_FR","og_type":"article","og_title":"Patients & Professionnels de sant\u00e9 - MaaT Pharma","og_description":"[vc_row type=\u00a0\u00bbfull_width_background\u00a0\u00bb full_screen_row_position=\u00a0\u00bbmiddle\u00a0\u00bb column_margin=\u00a0\u00bbdefault\u00a0\u00bb column_direction=\u00a0\u00bbdefault\u00a0\u00bb column_direction_tablet=\u00a0\u00bbdefault\u00a0\u00bb column_direction_phone=\u00a0\u00bbdefault\u00a0\u00bb bg_image=\u00a0\u00bb760&Prime; bg_position=\u00a0\u00bbcenter center\u00a0\u00bb background_image_loading=\u00a0\u00bbdefault\u00a0\u00bb bg_repeat=\u00a0\u00bbno-repeat\u00a0\u00bb scene_position=\u00a0\u00bbcenter\u00a0\u00bb top_padding=\u00a0\u00bb10%\u00a0\u00bb bottom_padding=\u00a0\u00bb14%\u00a0\u00bb text_color=\u00a0\u00bblight\u00a0\u00bb text_align=\u00a0\u00bbleft\u00a0\u00bb row_border_radius=\u00a0\u00bbnone\u00a0\u00bb row_border_radius_applies=\u00a0\u00bbbg\u00a0\u00bb enable_gradient=\u00a0\u00bbtrue\u00a0\u00bb color_overlay=\u00a0\u00bbrgba(91,192,204,0.94)\u00a0\u00bb color_overlay_2=\u00a0\u00bb#014f90&Prime; overlay_strength=\u00a0\u00bb0.95&Prime; gradient_direction=\u00a0\u00bbleft_to_right\u00a0\u00bb enable_shape_divider=\u00a0\u00bbtrue\u00a0\u00bb shape_divider_position=\u00a0\u00bbbottom\u00a0\u00bb shape_divider_height=\u00a0\u00bb190&Prime; bg_image_animation=\u00a0\u00bbnone\u00a0\u00bb parallax_bg=\u00a0\u00bbtrue\u00a0\u00bb parallax_bg_speed=\u00a0\u00bbfast\u00a0\u00bb...","og_url":"https:\/\/maat.swebwp.oci.eu\/fr\/patients-professionnels-de-sante\/","og_site_name":"MaaT Pharma","article_modified_time":"2025-06-19T12:16:53+00:00","twitter_card":"summary_large_image","twitter_misc":{"Dur\u00e9e de lecture estim\u00e9e":"2 minutes"},"schema":{"@context":"https:\/\/schema.org","@graph":[{"@type":"WebPage","@id":"https:\/\/maat.swebwp.oci.eu\/fr\/patients-professionnels-de-sante\/","url":"https:\/\/maat.swebwp.oci.eu\/fr\/patients-professionnels-de-sante\/","name":"Patients & Professionnels de sant\u00e9 - MaaT Pharma","isPartOf":{"@id":"https:\/\/maat.swebwp.oci.eu\/#website"},"datePublished":"2024-10-14T08:55:20+00:00","dateModified":"2025-06-19T12:16:53+00:00","breadcrumb":{"@id":"https:\/\/maat.swebwp.oci.eu\/fr\/patients-professionnels-de-sante\/#breadcrumb"},"inLanguage":"fr-FR","potentialAction":[{"@type":"ReadAction","target":["https:\/\/maat.swebwp.oci.eu\/fr\/patients-professionnels-de-sante\/"]}]},{"@type":"BreadcrumbList","@id":"https:\/\/maat.swebwp.oci.eu\/fr\/patients-professionnels-de-sante\/#breadcrumb","itemListElement":[{"@type":"ListItem","position":1,"name":"Home","item":"https:\/\/maat.swebwp.oci.eu\/fr\/"},{"@type":"ListItem","position":2,"name":"Patients &#038; Professionnels de sant\u00e9"}]},{"@type":"WebSite","@id":"https:\/\/maat.swebwp.oci.eu\/#website","url":"https:\/\/maat.swebwp.oci.eu\/","name":"MaaT Pharma","description":"microbiota gut to fight cancer","publisher":{"@id":"https:\/\/maat.swebwp.oci.eu\/#organization"},"potentialAction":[{"@type":"SearchAction","target":{"@type":"EntryPoint","urlTemplate":"https:\/\/maat.swebwp.oci.eu\/?s={search_term_string}"},"query-input":{"@type":"PropertyValueSpecification","valueRequired":true,"valueName":"search_term_string"}}],"inLanguage":"fr-FR"},{"@type":"Organization","@id":"https:\/\/maat.swebwp.oci.eu\/#organization","name":"Maat Pharma","url":"https:\/\/maat.swebwp.oci.eu\/","logo":{"@type":"ImageObject","inLanguage":"fr-FR","@id":"https:\/\/maat.swebwp.oci.eu\/#\/schema\/logo\/image\/","url":"http:\/\/preprod-wadesign.fr\/maat-pharma\/wp-content\/uploads\/2018\/09\/maat-logo-rvb-header.png","contentUrl":"http:\/\/preprod-wadesign.fr\/maat-pharma\/wp-content\/uploads\/2018\/09\/maat-logo-rvb-header.png","width":150,"height":171,"caption":"Maat Pharma"},"image":{"@id":"https:\/\/maat.swebwp.oci.eu\/#\/schema\/logo\/image\/"}}]}},"_links":{"self":[{"href":"https:\/\/maat.swebwp.oci.eu\/fr\/wp-json\/wp\/v2\/pages\/13226","targetHints":{"allow":["GET"]}}],"collection":[{"href":"https:\/\/maat.swebwp.oci.eu\/fr\/wp-json\/wp\/v2\/pages"}],"about":[{"href":"https:\/\/maat.swebwp.oci.eu\/fr\/wp-json\/wp\/v2\/types\/page"}],"author":[{"embeddable":true,"href":"https:\/\/maat.swebwp.oci.eu\/fr\/wp-json\/wp\/v2\/users\/7"}],"replies":[{"embeddable":true,"href":"https:\/\/maat.swebwp.oci.eu\/fr\/wp-json\/wp\/v2\/comments?post=13226"}],"version-history":[{"count":1,"href":"https:\/\/maat.swebwp.oci.eu\/fr\/wp-json\/wp\/v2\/pages\/13226\/revisions"}],"predecessor-version":[{"id":16137,"href":"https:\/\/maat.swebwp.oci.eu\/fr\/wp-json\/wp\/v2\/pages\/13226\/revisions\/16137"}],"wp:attachment":[{"href":"https:\/\/maat.swebwp.oci.eu\/fr\/wp-json\/wp\/v2\/media?parent=13226"}],"curies":[{"name":"wp","href":"https:\/\/api.w.org\/{rel}","templated":true}]}}